{"id":95,"date":"2018-09-19T19:53:19","date_gmt":"2018-09-19T17:53:19","guid":{"rendered":"https:\/\/www.zinexit.net\/?page_id=95"},"modified":"2025-10-22T17:56:14","modified_gmt":"2025-10-22T15:56:14","slug":"aurkezpena-zinexit","status":"publish","type":"page","link":"https:\/\/www.zinexit.net\/eu\/aurkezpena-zinexit\/","title":{"rendered":"AURKEZPENA"},"content":{"rendered":"<p>[et_pb_section fb_built=&#8221;1&#8243; admin_label=&#8221;Secci\u00f3n&#8221; _builder_version=&#8221;4.16&#8243; background_color=&#8221;#0c71c3&#8243; global_colors_info=&#8221;{}&#8221;][et_pb_row admin_label=&#8221;Fila&#8221; _builder_version=&#8221;4.16&#8243; background_size=&#8221;initial&#8221; background_position=&#8221;top_left&#8221; background_repeat=&#8221;repeat&#8221; global_colors_info=&#8221;{}&#8221;][et_pb_column type=&#8221;4_4&#8243; _builder_version=&#8221;4.16&#8243; custom_padding=&#8221;|||&#8221; global_colors_info=&#8221;{}&#8221; custom_padding__hover=&#8221;|||&#8221;][et_pb_text admin_label=&#8221;Titulo y foto&#8221; _builder_version=&#8221;4.27.4&#8243; header_font=&#8221;|on|||&#8221; header_text_align=&#8221;center&#8221; background_layout=&#8221;dark&#8221; global_colors_info=&#8221;{}&#8221;]<\/p>\n<h1>AURKEZPENA ZINEXIT 2025<\/h1>\n<p>[\/et_pb_text][\/et_pb_column][\/et_pb_row][et_pb_row disabled_on=&#8221;on|on|on&#8221; _builder_version=&#8221;4.27.4&#8243; background_size=&#8221;initial&#8221; background_position=&#8221;top_left&#8221; background_repeat=&#8221;repeat&#8221; disabled=&#8221;on&#8221; locked=&#8221;off&#8221; global_colors_info=&#8221;{}&#8221;][et_pb_column type=&#8221;4_4&#8243; _builder_version=&#8221;4.16&#8243; custom_padding=&#8221;|||&#8221; global_colors_info=&#8221;{}&#8221; custom_padding__hover=&#8221;|||&#8221;][et_pb_text _builder_version=&#8221;4.27.4&#8243; header_font_size=&#8221;40px&#8221; text_orientation=&#8221;center&#8221; background_layout=&#8221;dark&#8221; module_alignment=&#8221;center&#8221; border_style=&#8221;solid&#8221; global_colors_info=&#8221;{}&#8221;]<\/p>\n<h1>ZINEXIT 2025<\/h1>\n<h3 style=\"text-align: center;\">LASTER<\/h3>\n<div class=\"\" style=\"text-align: center;\">Giza Eskubideen 15.\u00a0Zinema Erakustaldia<\/div>\n<div class=\"\" style=\"text-align: center;\">AZAROAK 10 &#8211; 14<\/div>\n<div class=\"\" style=\"text-align: center;\">Azaroan ZINEXIT 15. ekitaldia\u00a0\u00a0film berrien inguruko\u00a0eztabaida eta solasaldiekin.<\/div>\n<p>[\/et_pb_text][\/et_pb_column][\/et_pb_row][\/et_pb_section][et_pb_section fb_built=&#8221;1&#8243; disabled_on=&#8221;off|off|off&#8221; admin_label=&#8221;section&#8221; _builder_version=&#8221;4.16&#8243; background_color=&#8221;#f5f5f5&#8243; transparent_background=&#8221;off&#8221; global_colors_info=&#8221;{}&#8221;][et_pb_row admin_label=&#8221;row&#8221; _builder_version=&#8221;4.27.2&#8243; background_size=&#8221;initial&#8221; background_position=&#8221;top_left&#8221; background_repeat=&#8221;repeat&#8221; global_colors_info=&#8221;{}&#8221;][et_pb_column type=&#8221;4_4&#8243; _builder_version=&#8221;4.16&#8243; custom_padding=&#8221;|||&#8221; global_colors_info=&#8221;{}&#8221; custom_padding__hover=&#8221;|||&#8221;][et_pb_testimonial author=&#8221;Ainhoa Zugasti Bilbao&#8221; job_title=&#8221;Giza Eskubide, Biktima eta Aniztasun Zuzendaria&#8221; portrait_url=&#8221;https:\/\/www.zinexit.net\/wp-content\/uploads\/2025\/10\/Ainhoa-Zugasti.jpg&#8221; disabled_on=&#8221;off|off|off&#8221; _builder_version=&#8221;4.27.4&#8243; background_size=&#8221;initial&#8221; background_position=&#8221;top_left&#8221; background_repeat=&#8221;repeat&#8221; hover_enabled=&#8221;0&#8243; border_style=&#8221;solid&#8221; global_colors_info=&#8221;{}&#8221; sticky_enabled=&#8221;0&#8243;]<\/p>\n<p><span>ZINEXIT Giza Eskubideen Zinema Erakusketa helburu argi batekin sortu zen: errealitate ezberdinak hurbiltzea eta zinemaren bidez bizikidetzari eta oinarrizko eskubideei buruzko hausnarketa sustatzea. Hamabost ediziotan zehar, kultura,\u00a0pentsamendua eta konpromiso soziala uztartzen dituen erreferentziazko gune gisa finkatu da.<\/span><br class=\"\" \/><br class=\"\" \/><span>Hamabosgarren edizio hau azaroaren 10etik 14ra izango da, Azkuna Zentroko Golem zinemetan. Eztabaida sortzea du helburu, gure ekintzen ondorioei buruz hausnartzera gonbidatzen gaitu, Ikuspegi anitz batetik ikuspegiak partekatzeko eta gizarte\u00a0gisa erronka egiten diguten gaiak mahai gainean jartzeko balio du, giza eskubideei eta horiek posible egin dituzten borrokei buruzko hezkuntza eskainiz.<\/span><br class=\"\" \/><br class=\"\" \/><span>Griffithen \u201cIntolerantzia\u201d-tik (1916) Santiago Mitreren \u201cArgentina, 1985\u201d-era (2022), Chaplinen \u201cThe great dictator\u201d, Marjane Satrapi eta Vincent Paronnauden \u201cPersepolis\u201d (2007), Spielbergen \u201cSchindlerren zerrenda\u201d, Almodovarren \u201cMadres Paralelas\u201d,\u00a0Arantxa Echevarriaren \u201cLa Infiltrada\u201d, Julio Medemen \u201cEuskal pilota\u201d-tik igaroz, zinemak banaka eta taldeka eragiten diguten funtsezko arazoetara hurbiltzen gaitu.<\/span><br class=\"\" \/><br class=\"\" \/><span>Justizia eta Giza Eskubideen Sailak ZINEXIT babesten du, kultura \u2014 eta zinema \u2014 gizartea sentsibilizatzeko, salatzeko eta eraldatzeko tresna dela uste dugulako.<\/span><br class=\"\" \/><br class=\"\" \/><span>Horregatik, Mar\u00eda Jes\u00fas San Jos\u00e9 sailburuak zuzentzen duen Sailak giza eskubideen defentsarekin konprometitutako ekimen hau bultzatzen du, eta horrek ere hausnartzera eta jarrera hartzera bultzatu beharko gintuzke.<\/span><br class=\"\" \/><br class=\"\" \/><span>Espazio libre horrek pentsamendu kritikoa sustatzen du, eta gogorarazten digu bizikidetza elkarrizketaren, enpatiaren eta pertsona bakoitzaren duintasuna aitortzearen bidez ere eraikitzen dela.<\/span><br class=\"\" \/><br class=\"\" \/><span>Eskerrik asko ZINEXIT posible egiten duzuen guztioi.<\/span><\/p>\n<p>[\/et_pb_testimonial][\/et_pb_column][\/et_pb_row][\/et_pb_section][et_pb_section fb_built=&#8221;1&#8243; disabled_on=&#8221;on|on|on&#8221; _builder_version=&#8221;4.16&#8243; disabled=&#8221;on&#8221; global_colors_info=&#8221;{}&#8221;][et_pb_row disabled_on=&#8221;off|off|off&#8221; admin_label=&#8221;Fila&#8221; _builder_version=&#8221;4.16&#8243; background_size=&#8221;initial&#8221; background_position=&#8221;top_left&#8221; background_repeat=&#8221;repeat&#8221; global_colors_info=&#8221;{}&#8221;][et_pb_column type=&#8221;4_4&#8243; _builder_version=&#8221;4.16&#8243; custom_padding=&#8221;|||&#8221; global_colors_info=&#8221;{}&#8221; custom_padding__hover=&#8221;|||&#8221;][et_pb_video src=&#8221;httpss:\/\/vimeo.com\/301800264&#8243; src_webm=&#8221;httpss:\/\/vimeo.com\/301800264&#8243; image_src=&#8221;\/\/i.vimeocdn.com\/video\/740432745_960.jpg&#8221; play_icon_color=&#8221;#000000&#8243; admin_label=&#8221;V\u00eddeo&#8221; _builder_version=&#8221;4.16&#8243; global_colors_info=&#8221;{}&#8221;][\/et_pb_video][\/et_pb_column][\/et_pb_row][\/et_pb_section][et_pb_section fb_built=&#8221;1&#8243; disabled_on=&#8221;on|on|on&#8221; admin_label=&#8221;section&#8221; _builder_version=&#8221;4.16&#8243; background_color=&#8221;#000000&#8243; transparent_background=&#8221;off&#8221; disabled=&#8221;on&#8221; global_module=&#8221;1902&#8243; global_colors_info=&#8221;{}&#8221;][et_pb_row column_structure=&#8221;1_2,1_2&#8243; admin_label=&#8221;row&#8221; _builder_version=&#8221;4.16&#8243; background_size=&#8221;initial&#8221; background_position=&#8221;top_left&#8221; background_repeat=&#8221;repeat&#8221; global_colors_info=&#8221;{}&#8221;][et_pb_column type=&#8221;1_2&#8243; _builder_version=&#8221;4.16&#8243; custom_padding=&#8221;|||&#8221; global_colors_info=&#8221;{}&#8221; custom_padding__hover=&#8221;|||&#8221;][et_pb_image src=&#8221;https:\/\/www.zinexit.net\/wp-content\/uploads\/2024\/11\/Portada-programa-2024.jpg&#8221; alt=&#8221;Programa 2024&#8243; title_text=&#8221;Portada programa 2024&#8243; url=&#8221;https:\/\/www.zinexit.net\/wp-content\/uploads\/2021\/11\/Zinexit-Programa-2021.pdf&#8221; url_new_window=&#8221;on&#8221; align=&#8221;right&#8221; align_tablet=&#8221;center&#8221; align_phone=&#8221;&#8221; align_last_edited=&#8221;on|desktop&#8221; admin_label=&#8221;Descarga Programa EUS&#8221; _builder_version=&#8221;4.27.3&#8243; max_width=&#8221;250px&#8221; animation_style=&#8221;slide&#8221; animation_direction=&#8221;left&#8221; animation_duration=&#8221;500ms&#8221; animation_intensity_slide=&#8221;10%&#8221; border_style=&#8221;solid&#8221; animation=&#8221;left&#8221; sticky=&#8221;off&#8221; global_colors_info=&#8221;{}&#8221;][\/et_pb_image][\/et_pb_column][et_pb_column type=&#8221;1_2&#8243; _builder_version=&#8221;4.16&#8243; custom_padding=&#8221;|||&#8221; global_colors_info=&#8221;{}&#8221; custom_padding__hover=&#8221;|||&#8221;][et_pb_text _builder_version=&#8221;4.27.3&#8243; background_size=&#8221;initial&#8221; background_position=&#8221;top_left&#8221; background_repeat=&#8221;repeat&#8221; background_layout=&#8221;dark&#8221; module_alignment=&#8221;left&#8221; custom_padding=&#8221;1px|||||&#8221; link_option_url=&#8221;https:\/\/www.zinexit.net\/wp-content\/uploads\/2021\/11\/Zinexit-Programa-2021.pdf&#8221; border_style=&#8221;solid&#8221; global_colors_info=&#8221;{}&#8221;]<\/p>\n<h3>DESKARGA ZAITEZ<br \/>PROGRAMA 2024<br \/>ZINEXIT-etako<br \/>PDFean<\/h3>\n<p>[\/et_pb_text][et_pb_button button_url=&#8221;https:\/\/www.zinexit.net\/wp-content\/uploads\/2024\/11\/Zinexit-folleto_14-edicionw2.pdf&#8221; url_new_window=&#8221;on&#8221; button_text=&#8221;PDF Deskargatu&#8221; button_alignment=&#8221;left&#8221; admin_label=&#8221;Bot\u00f3n&#8221; _builder_version=&#8221;4.27.3&#8243; background_layout=&#8221;dark&#8221; button_letter_spacing_hover=&#8221;0&#8243; global_colors_info=&#8221;{}&#8221;][\/et_pb_button][\/et_pb_column][\/et_pb_row][\/et_pb_section][et_pb_section fb_built=&#8221;1&#8243; custom_padding_last_edited=&#8221;on|desktop&#8221; _builder_version=&#8221;4.0.5&#8243; background_color=&#8221;#cccccc&#8221; custom_padding_tablet=&#8221;50px|0|50px|0&#8243; custom_padding_phone=&#8221;&#8221; transparent_background=&#8221;off&#8221; padding_mobile=&#8221;off&#8221; make_fullwidth=&#8221;off&#8221; use_custom_width=&#8221;off&#8221; width_unit=&#8221;on&#8221; global_module=&#8221;2576&#8243; saved_tabs=&#8221;all&#8221; locked=&#8221;off&#8221; global_colors_info=&#8221;{}&#8221;][et_pb_row column_structure=&#8221;1_4,1_4,1_4,1_4&#8243; use_custom_gutter=&#8221;on&#8221; gutter_width=&#8221;2&#8243; module_class=&#8221; et_pb_row_fullwidth&#8221; _builder_version=&#8221;4.16&#8243; width=&#8221;94%&#8221; width_tablet=&#8221;80%&#8221; width_phone=&#8221;&#8221; width_last_edited=&#8221;on|desktop&#8221; max_width=&#8221;94%&#8221; max_width_tablet=&#8221;80%&#8221; max_width_phone=&#8221;&#8221; max_width_last_edited=&#8221;on|desktop&#8221; module_alignment=&#8221;center&#8221; make_fullwidth=&#8221;on&#8221; global_colors_info=&#8221;{}&#8221;][et_pb_column type=&#8221;1_4&#8243; _builder_version=&#8221;4.16&#8243; custom_padding=&#8221;|||&#8221; global_colors_info=&#8221;{}&#8221; custom_padding__hover=&#8221;|||&#8221;][et_pb_text admin_label=&#8221;logos es&#8221; _builder_version=&#8221;4.27.2&#8243; background_size=&#8221;initial&#8221; background_position=&#8221;top_left&#8221; background_repeat=&#8221;repeat&#8221; use_border_color=&#8221;off&#8221; border_color=&#8221;#ffffff&#8221; border_style=&#8221;solid&#8221; global_colors_info=&#8221;{}&#8221;]<\/p>\n<p>Antolatzen du<a title=\"Gobierno Vasco\" href=\"\/\/www.euskadi.net\/r48-subpaz\/eu\/\" target=\"_blank\" rel=\"noopener noreferrer\">:<\/a><\/p>\n<p><img loading=\"lazy\" decoding=\"async\" src=\"https:\/\/www.zinexit.net\/wp-content\/uploads\/2024\/10\/Logo-Gobierno-2024-web.png\" width=\"250\" height=\"95\" alt=\"Logo Gobierno 2024 web\" class=\"wp-image-2940 alignnone size-full\" \/><\/p>\n<p>[\/et_pb_text][\/et_pb_column][et_pb_column type=&#8221;1_4&#8243; _builder_version=&#8221;4.16&#8243; custom_padding=&#8221;|||&#8221; global_colors_info=&#8221;{}&#8221; custom_padding__hover=&#8221;|||&#8221;][et_pb_text admin_label=&#8221;Text&#8221; _builder_version=&#8221;4.16&#8243; background_size=&#8221;initial&#8221; background_position=&#8221;top_left&#8221; background_repeat=&#8221;repeat&#8221; module_alignment=&#8221;left&#8221; use_border_color=&#8221;off&#8221; border_color=&#8221;#ffffff&#8221; border_style=&#8221;solid&#8221; global_colors_info=&#8221;{}&#8221;]<\/p>\n<p>Koordinatzen du:<\/p>\n<p><a title=\"irudi berria\" href=\"https:\/\/www.irudiberria.org\" target=\"_blank\" rel=\"noopener noreferrer\"><img loading=\"lazy\" decoding=\"async\" class=\"alignnone size-full wp-image-454\" src=\"https:\/\/www.zinexit.net\/wp-content\/uploads\/2014\/09\/irudi-berria.png\" alt=\"irudi-berria\" width=\"225\" height=\"56\" \/><\/a><\/p>\n<p>[\/et_pb_text][\/et_pb_column][et_pb_column type=&#8221;1_4&#8243; _builder_version=&#8221;4.16&#8243; custom_padding=&#8221;|||&#8221; global_colors_info=&#8221;{}&#8221; custom_padding__hover=&#8221;|||&#8221;][et_pb_text admin_label=&#8221;Text&#8221; _builder_version=&#8221;4.27.4&#8243; background_size=&#8221;initial&#8221; background_position=&#8221;top_left&#8221; background_repeat=&#8221;repeat&#8221; module_alignment=&#8221;left&#8221; global_colors_info=&#8221;{}&#8221;]Kolaboratzaileak:<\/p>\n<p><img loading=\"lazy\" decoding=\"async\" class=\"alignnone wp-image-1531 size-full\" src=\"https:\/\/www.zinexit.net\/wp-content\/uploads\/2016\/10\/bilbao.png\" alt=\"Bilbao\" width=\"93\" height=\"45\" \/>\u00a0 <img loading=\"lazy\" decoding=\"async\" src=\"https:\/\/www.zinexit.net\/wp-content\/uploads\/2025\/10\/MUNDOCERO-W.png\" width=\"96\" height=\"60\" alt=\"MUNDOCERO \" class=\"wp-image-3128 alignnone size-full\" \/>\u00a0 <img loading=\"lazy\" decoding=\"async\" src=\"https:\/\/www.zinexit.net\/wp-content\/uploads\/2025\/10\/Mundu-Bat-W.png\" width=\"93\" height=\"60\" alt=\"\" class=\"wp-image-3130 alignnone size-full\" \/><br \/>\n<img loading=\"lazy\" decoding=\"async\" src=\"https:\/\/www.zinexit.net\/wp-content\/uploads\/2025\/10\/Save-the-Children-w.png\" width=\"96\" height=\"60\" alt=\"Save the Children\" class=\"wp-image-3134 alignnone size-full\" \/>\u00a0 \u00a0\u00a0<img loading=\"lazy\" decoding=\"async\" src=\"https:\/\/www.zinexit.net\/wp-content\/uploads\/2025\/10\/filmin-w.png\" width=\"93\" height=\"60\" alt=\"filmin\" class=\"wp-image-3132 alignnone size-full\" \/><a title=\"Cear\" href=\"https:\/\/www.cear.es\/proyectos-2\/cear-euskadi\" target=\"_blank\" rel=\"noopener noreferrer\"><\/a>[\/et_pb_text][\/et_pb_column][et_pb_column type=&#8221;1_4&#8243; _builder_version=&#8221;4.16&#8243; custom_padding=&#8221;|||&#8221; global_colors_info=&#8221;{}&#8221; custom_padding__hover=&#8221;|||&#8221;][et_pb_text admin_label=&#8221;Text&#8221; _builder_version=&#8221;4.23&#8243; background_size=&#8221;initial&#8221; background_position=&#8221;top_left&#8221; background_repeat=&#8221;repeat&#8221; module_alignment=&#8221;left&#8221; global_colors_info=&#8221;{}&#8221;]<\/p>\n<p>Ezkerrak:<\/p>\n<p><a href=\"https:\/\/www.golem.es\/golemv9\/cine.php?idCine=9\" target=\"_blank\" rel=\"noopener noreferrer\"><img loading=\"lazy\" decoding=\"async\" class=\"wp-image-456 size-full alignnone\" src=\"https:\/\/www.zinexit.net\/wp-content\/uploads\/2014\/09\/golem.png\" alt=\"golem\" width=\"78\" height=\"45\" \/>\u00a0 \u00a0 \u00a0 \u00a0 \u00a0 \u00a0\u00a0<\/a><\/p>\n<p>[\/et_pb_text][\/et_pb_column][\/et_pb_row][\/et_pb_section]<\/p>\n","protected":false},"excerpt":{"rendered":"<p>AURKEZPENA ZINEXIT 2025ZINEXIT 2025 LASTER Giza Eskubideen 15.\u00a0Zinema Erakustaldia AZAROAK 10 &#8211; 14 Azaroan ZINEXIT 15. ekitaldia\u00a0\u00a0film berrien inguruko\u00a0eztabaida eta solasaldiekin.ZINEXIT Giza Eskubideen Zinema Erakusketa helburu argi batekin sortu zen: errealitate ezberdinak hurbiltzea eta zinemaren bidez bizikidetzari eta oinarrizko eskubideei buruzko hausnarketa sustatzea. Hamabost ediziotan zehar, kultura,\u00a0pentsamendua eta konpromiso soziala uztartzen dituen erreferentziazko gune gisa [&hellip;]<\/p>\n","protected":false},"author":1,"featured_media":0,"parent":0,"menu_order":0,"comment_status":"closed","ping_status":"closed","template":"","meta":{"_et_pb_use_builder":"on","_et_pb_old_content":"","_et_gb_content_width":"","footnotes":""},"class_list":["post-95","page","type-page","status-publish","hentry"],"_links":{"self":[{"href":"https:\/\/www.zinexit.net\/eu\/wp-json\/wp\/v2\/pages\/95","targetHints":{"allow":["GET"]}}],"collection":[{"href":"https:\/\/www.zinexit.net\/eu\/wp-json\/wp\/v2\/pages"}],"about":[{"href":"https:\/\/www.zinexit.net\/eu\/wp-json\/wp\/v2\/types\/page"}],"author":[{"embeddable":true,"href":"https:\/\/www.zinexit.net\/eu\/wp-json\/wp\/v2\/users\/1"}],"replies":[{"embeddable":true,"href":"https:\/\/www.zinexit.net\/eu\/wp-json\/wp\/v2\/comments?post=95"}],"version-history":[{"count":0,"href":"https:\/\/www.zinexit.net\/eu\/wp-json\/wp\/v2\/pages\/95\/revisions"}],"wp:attachment":[{"href":"https:\/\/www.zinexit.net\/eu\/wp-json\/wp\/v2\/media?parent=95"}],"curies":[{"name":"wp","href":"https:\/\/api.w.org\/{rel}","templated":true}]}}